{"id":2,"date":"2023-04-29T17:43:26","date_gmt":"2023-04-29T17:43:26","guid":{"rendered":"https:\/\/fdiaz.org\/tipografia2\/?page_id=2"},"modified":"2023-04-30T23:09:30","modified_gmt":"2023-04-30T23:09:30","slug":"links","status":"publish","type":"page","link":"https:\/\/fdiaz.org\/tipografia2\/links\/","title":{"rendered":"Links"},"content":{"rendered":"<h2><strong>Recursos para el semestre<\/strong><\/h2>\n<p><a href=\"https:\/\/fdiaz.org\/tipografia2\/tipografias-gratuitas\/\">Tipograf\u00edas Gratuitas<\/a><\/p>\n<p><a href=\"https:\/\/fdiaz.org\/tipografia2\/bibliografia-recomendada\/\">Bibliograf\u00eda recomendada<\/a><\/p>\n<p><a href=\"https:\/\/fdiaz.org\/tipografia2\/legibilidad-y-senaletica\/\">Legibilidad, Dislexia y Se\u00f1al\u00e9tica<\/a><\/p>\n<p><a href=\"https:\/\/fdiaz.org\/tipografia2\/recursos-pares-de-kerning\/\">Recursos : Pares de kerning<\/a><\/p>\n<p><a href=\"https:\/\/fdiaz.org\/tipografia2\/generadores-de-texto\/\">Recursos : Generadores de texto<\/a><\/p>\n<p><a href=\"https:\/\/fdiaz.org\/tipografia2\/recursos-idiomas\/\">Recursos : Idiomas y tipograf\u00eda<\/a><\/p>\n<p><a href=\"https:\/\/fdiaz.org\/tipografia2\/recursos-codigo-opentype\/\">Recursos : C\u00f3digo OpenType<\/a><\/p>\n<p>&nbsp;<\/p>\n<h2><strong>Links adicionales<\/strong><\/h2>\n<p><a href=\"https:\/\/fdiaz.org\/tipografia2\/mujeres-y-tipografia\/\">Mujeres en Tipograf\u00eda y Dise\u00f1o<\/a><\/p>\n<p><a href=\"https:\/\/fdiaz.org\/tipografia2\/blogs-de-tipografia\/\">Blogs de Tipograf\u00eda<\/a><\/p>\n<p><a href=\"https:\/\/fdiaz.org\/tipografia2\/teoria-del-diseno-y-foros\/\">Teor\u00eda del Dise\u00f1o (+ foros)<\/a><\/p>\n<p><a href=\"https:\/\/fdiaz.org\/tipografia2\/cuanto-cobrar-un-trabajo-de-diseno\/\">\u00bfCuanto cobrar un trabajo de dise\u00f1o?<\/a><\/p>\n<p><a href=\"https:\/\/fdiaz.org\/tipografia2\/editorial\/\">Dise\u00f1o Editorial<\/a><\/p>\n<p><a href=\"https:\/\/fdiaz.org\/tipografia2\/identificacion-tipografica\/\">Identificaci\u00f3n Tipogr\u00e1fica<\/a><\/p>\n<p>&nbsp;<\/p>\n","protected":false},"excerpt":{"rendered":"<p>Recursos para el semestre Tipograf\u00edas Gratuitas Bibliograf\u00eda recomendada Legibilidad, Dislexia y Se\u00f1al\u00e9tica Recursos : Pares de kerning Recursos : Generadores de texto Recursos : Idiomas y tipograf\u00eda Recursos : C\u00f3digo OpenType &nbsp; Links adicionales Mujeres en Tipograf\u00eda y Dise\u00f1o Blogs de Tipograf\u00eda Teor\u00eda del Dise\u00f1o (+ foros) \u00bfCuanto cobrar un trabajo de dise\u00f1o? Dise\u00f1o Editorial [&hellip;]<\/p>\n","protected":false},"author":1,"featured_media":0,"parent":0,"menu_order":0,"comment_status":"closed","ping_status":"open","template":"","meta":{"nf_dc_page":"","footnotes":""},"class_list":["post-2","page","type-page","status-publish","hentry"],"_links":{"self":[{"href":"https:\/\/fdiaz.org\/tipografia2\/wp-json\/wp\/v2\/pages\/2","targetHints":{"allow":["GET"]}}],"collection":[{"href":"https:\/\/fdiaz.org\/tipografia2\/wp-json\/wp\/v2\/pages"}],"about":[{"href":"https:\/\/fdiaz.org\/tipografia2\/wp-json\/wp\/v2\/types\/page"}],"author":[{"embeddable":true,"href":"https:\/\/fdiaz.org\/tipografia2\/wp-json\/wp\/v2\/users\/1"}],"replies":[{"embeddable":true,"href":"https:\/\/fdiaz.org\/tipografia2\/wp-json\/wp\/v2\/comments?post=2"}],"version-history":[{"count":5,"href":"https:\/\/fdiaz.org\/tipografia2\/wp-json\/wp\/v2\/pages\/2\/revisions"}],"predecessor-version":[{"id":1221,"href":"https:\/\/fdiaz.org\/tipografia2\/wp-json\/wp\/v2\/pages\/2\/revisions\/1221"}],"wp:attachment":[{"href":"https:\/\/fdiaz.org\/tipografia2\/wp-json\/wp\/v2\/media?parent=2"}],"curies":[{"name":"wp","href":"https:\/\/api.w.org\/{rel}","templated":true}]}}